{"id":728,"date":"2020-11-12T17:05:31","date_gmt":"2020-11-12T15:05:31","guid":{"rendered":"http:\/\/scanio.fi\/?page_id=728"},"modified":"2020-11-21T11:36:59","modified_gmt":"2020-11-21T09:36:59","slug":"frozen-ring-ice-karting","status":"publish","type":"page","link":"https:\/\/scanio.fi\/fi\/frozen-ring-ice-karting\/","title":{"rendered":"Frozen Ring j\u00e4\u00e4karting"},"content":{"rendered":"\t\t<div data-elementor-type=\"wp-page\" data-elementor-id=\"728\" class=\"elementor elementor-728\" data-elementor-settings=\"{&quot;ha_cmc_init_switcher&quot;:&quot;no&quot;}\">\n\t\t\t\t\t\t<section class=\"elementor-section elementor-top-section elementor-element elementor-element-172aa020 elementor-section-height-min-height elementor-section-content-middle elementor-section-boxed elementor-section-height-default elementor-section-items-middle\" data-id=\"172aa020\" data-element_type=\"section\" data-settings=\"{&quot;background_background&quot;:&quot;classic&quot;,&quot;_ha_eqh_enable&quot;:false}\">\n\t\t\t\t\t\t\t<div class=\"elementor-background-overlay\"><\/div>\n\t\t\t\t\t\t\t<div class=\"elementor-container elementor-column-gap-default\">\n\t\t\t\t\t<div class=\"elementor-column elementor-col-100 elementor-top-column elementor-element elementor-element-10a7b2dd\" data-id=\"10a7b2dd\" data-element_type=\"column\">\n\t\t\t<div class=\"elementor-widget-wrap elementor-element-populated\">\n\t\t\t\t\t\t<div class=\"elementor-element elementor-element-d68d45f elementor-widget elementor-widget-heading\" data-id=\"d68d45f\" data-element_type=\"widget\" data-widget_type=\"heading.default\">\n\t\t\t\t<div class=\"elementor-widget-container\">\n\t\t\t\t\t<h1 class=\"elementor-heading-title elementor-size-default\">Frozen Ring j\u00e4\u00e4karting<\/h1>\t\t\t\t<\/div>\n\t\t\t\t<\/div>\n\t\t\t\t\t<\/div>\n\t\t<\/div>\n\t\t\t\t\t<\/div>\n\t\t<\/section>\n\t\t\t\t<section class=\"elementor-section elementor-top-section elementor-element elementor-element-4074cdf8 elementor-section-boxed elementor-section-height-default elementor-section-height-default\" data-id=\"4074cdf8\" data-element_type=\"section\" data-settings=\"{&quot;background_background&quot;:&quot;classic&quot;,&quot;_ha_eqh_enable&quot;:false}\">\n\t\t\t\t\t\t<div class=\"elementor-container elementor-column-gap-default\">\n\t\t\t\t\t<div class=\"elementor-column elementor-col-50 elementor-top-column elementor-element elementor-element-93b0159\" data-id=\"93b0159\" data-element_type=\"column\">\n\t\t\t<div class=\"elementor-widget-wrap elementor-element-populated\">\n\t\t\t\t\t\t<div class=\"elementor-element elementor-element-6d0a6017 elementor-widget elementor-widget-image\" data-id=\"6d0a6017\" data-element_type=\"widget\" data-widget_type=\"image.default\">\n\t\t\t\t<div class=\"elementor-widget-container\">\n\t\t\t\t\t\t\t\t\t\t\t\t\t\t\t\t<a href=\"https:\/\/scanio.fi\/wp-content\/uploads\/2020\/11\/Mini-Grand-Prix.jpg\" data-elementor-open-lightbox=\"yes\" data-elementor-lightbox-title=\"Mini Grand Prix\" data-e-action-hash=\"#elementor-action%3Aaction%3Dlightbox%26settings%3DeyJpZCI6NzMwLCJ1cmwiOiJodHRwczpcL1wvc2NhbmlvLmZpXC93cC1jb250ZW50XC91cGxvYWRzXC8yMDIwXC8xMVwvTWluaS1HcmFuZC1Qcml4LmpwZyJ9\">\n\t\t\t\t\t\t\t<img fetchpriority=\"high\" decoding=\"async\" width=\"768\" height=\"1024\" src=\"https:\/\/scanio.fi\/wp-content\/uploads\/2020\/11\/Mini-Grand-Prix-768x1024.jpg\" class=\"attachment-large size-large wp-image-730\" alt=\"\" srcset=\"https:\/\/scanio.fi\/wp-content\/uploads\/2020\/11\/Mini-Grand-Prix-768x1024.jpg 768w, https:\/\/scanio.fi\/wp-content\/uploads\/2020\/11\/Mini-Grand-Prix-225x300.jpg 225w, https:\/\/scanio.fi\/wp-content\/uploads\/2020\/11\/Mini-Grand-Prix-1152x1536.jpg 1152w, https:\/\/scanio.fi\/wp-content\/uploads\/2020\/11\/Mini-Grand-Prix-9x12.jpg 9w, https:\/\/scanio.fi\/wp-content\/uploads\/2020\/11\/Mini-Grand-Prix.jpg 1200w\" sizes=\"(max-width: 768px) 100vw, 768px\" \/>\t\t\t\t\t\t\t\t<\/a>\n\t\t\t\t\t\t\t\t\t\t\t\t\t\t\t<\/div>\n\t\t\t\t<\/div>\n\t\t\t\t\t<\/div>\n\t\t<\/div>\n\t\t\t\t<div class=\"elementor-column elementor-col-50 elementor-top-column elementor-element elementor-element-28f5eaa7\" data-id=\"28f5eaa7\" data-element_type=\"column\">\n\t\t\t<div class=\"elementor-widget-wrap elementor-element-populated\">\n\t\t\t\t\t\t<section class=\"elementor-section elementor-top-section elementor-element elementor-element-4a7e3baa elementor-section-boxed elementor-section-height-default elementor-section-height-default\" data-id=\"4a7e3baa\" data-element_type=\"section\" data-settings=\"{&quot;_ha_eqh_enable&quot;:false}\">\n\t\t\t\t\t\t<div class=\"elementor-container elementor-column-gap-default\">\n\t\t\t\t\t<div class=\"elementor-column elementor-col-100 elementor-top-column elementor-element elementor-element-182d4e85\" data-id=\"182d4e85\" data-element_type=\"column\">\n\t\t\t<div class=\"elementor-widget-wrap elementor-element-populated\">\n\t\t\t\t\t\t<div class=\"elementor-element elementor-element-40dc233b elementor-widget elementor-widget-heading\" data-id=\"40dc233b\" data-element_type=\"widget\" data-widget_type=\"heading.default\">\n\t\t\t\t<div class=\"elementor-widget-container\">\n\t\t\t\t\t<h2 class=\"elementor-heading-title elementor-size-default\">Frozen ring<\/h2>\t\t\t\t<\/div>\n\t\t\t\t<\/div>\n\t\t\t\t<div class=\"elementor-element elementor-element-d2fdda2 elementor-widget elementor-widget-text-editor\" data-id=\"d2fdda2\" data-element_type=\"widget\" data-widget_type=\"text-editor.default\">\n\t\t\t\t<div class=\"elementor-widget-container\">\n\t\t\t\t\t\t\t\t\t<p>Frozen Ring on 570m pitk\u00e4 j\u00e4\u00e4karting rata, joka sijaitsee 300 kilometri\u00e4 napapiirin yl\u00e4puolella. Rata tarjoaa mielett\u00f6m\u00e4n ajokokemuksen jopa 10 metrin korkeuseroilla. Rata sopii hyvin my\u00f6s ensikertalaisille.<\/p><p>Unohtumattomia hetki\u00e4 takaa se, ett\u00e4 me opetamme kuinka ajaa turvallisesti j\u00e4\u00e4ll\u00e4. Frozen Ring rata on valaistu ja varustettu ajanottolaitteilla, mik\u00e4 tekee ajamisesta hauskempaa, kun nopein kuljettaja saadaan sekunnin tuhannesosan tarkkuudella selville.<\/p><p>Ajojen v\u00e4liss\u00e4 voi l\u00e4mmitell\u00e4 hirsitalomme kamiinan \u00e4\u00e4ress\u00e4. Tarjoamme kaikki ajamiseen tarvittavat varusteet ja l\u00e4mpim\u00e4n ajohaalarin.<\/p>\t\t\t\t\t\t\t\t<\/div>\n\t\t\t\t<\/div>\n\t\t\t\t\t<\/div>\n\t\t<\/div>\n\t\t\t\t\t<\/div>\n\t\t<\/section>\n\t\t\t\t\t<\/div>\n\t\t<\/div>\n\t\t\t\t\t<\/div>\n\t\t<\/section>\n\t\t\t\t<\/div>\n\t\t","protected":false},"excerpt":{"rendered":"<p>Frozen Ring j\u00e4\u00e4karting Frozen ring Frozen Ring on 570m pitk\u00e4 j\u00e4\u00e4karting rata, joka sijaitsee 300 kilometri\u00e4 napapiirin yl\u00e4puolella. Rata tarjoaa mielett\u00f6m\u00e4n ajokokemuksen jopa 10 metrin korkeuseroilla. Rata sopii hyvin my\u00f6s ensikertalaisille. Unohtumattomia hetki\u00e4 takaa se, ett\u00e4 me opetamme kuinka ajaa turvallisesti j\u00e4\u00e4ll\u00e4. Frozen Ring rata on valaistu ja varustettu ajanottolaitteilla, mik\u00e4 tekee ajamisesta hauskempaa, kun [&hellip;]<\/p>\n","protected":false},"author":1,"featured_media":0,"parent":0,"menu_order":0,"comment_status":"closed","ping_status":"closed","template":"elementor_header_footer","meta":{"footnotes":""},"class_list":["post-728","page","type-page","status-publish","hentry","entry"],"_links":{"self":[{"href":"https:\/\/scanio.fi\/fi\/wp-json\/wp\/v2\/pages\/728","targetHints":{"allow":["GET"]}}],"collection":[{"href":"https:\/\/scanio.fi\/fi\/wp-json\/wp\/v2\/pages"}],"about":[{"href":"https:\/\/scanio.fi\/fi\/wp-json\/wp\/v2\/types\/page"}],"author":[{"embeddable":true,"href":"https:\/\/scanio.fi\/fi\/wp-json\/wp\/v2\/users\/1"}],"replies":[{"embeddable":true,"href":"https:\/\/scanio.fi\/fi\/wp-json\/wp\/v2\/comments?post=728"}],"version-history":[{"count":9,"href":"https:\/\/scanio.fi\/fi\/wp-json\/wp\/v2\/pages\/728\/revisions"}],"predecessor-version":[{"id":891,"href":"https:\/\/scanio.fi\/fi\/wp-json\/wp\/v2\/pages\/728\/revisions\/891"}],"wp:attachment":[{"href":"https:\/\/scanio.fi\/fi\/wp-json\/wp\/v2\/media?parent=728"}],"curies":[{"name":"wp","href":"https:\/\/api.w.org\/{rel}","templated":true}]}}