{"id":291,"date":"2020-10-31T13:46:29","date_gmt":"2020-10-31T11:46:29","guid":{"rendered":"http:\/\/scanio.fi\/?page_id=291"},"modified":"2020-11-21T11:52:33","modified_gmt":"2020-11-21T09:52:33","slug":"saariselka","status":"publish","type":"page","link":"https:\/\/scanio.fi\/fi\/saariselka\/","title":{"rendered":"Saariselk\u00e4"},"content":{"rendered":"\t\t<div data-elementor-type=\"wp-page\" data-elementor-id=\"291\" class=\"elementor elementor-291\" data-elementor-settings=\"{&quot;ha_cmc_init_switcher&quot;:&quot;no&quot;}\">\n\t\t\t\t\t\t<section class=\"elementor-section elementor-top-section elementor-element elementor-element-73e21326 elementor-section-height-min-height elementor-section-content-middle elementor-section-boxed elementor-section-height-default elementor-section-items-middle\" data-id=\"73e21326\" data-element_type=\"section\" data-settings=\"{&quot;background_background&quot;:&quot;classic&quot;,&quot;_ha_eqh_enable&quot;:false}\">\n\t\t\t\t\t\t\t<div class=\"elementor-background-overlay\"><\/div>\n\t\t\t\t\t\t\t<div class=\"elementor-container elementor-column-gap-default\">\n\t\t\t\t\t<div class=\"elementor-column elementor-col-100 elementor-top-column elementor-element elementor-element-1cc22e2d\" data-id=\"1cc22e2d\" data-element_type=\"column\">\n\t\t\t<div class=\"elementor-widget-wrap elementor-element-populated\">\n\t\t\t\t\t\t<div class=\"elementor-element elementor-element-78ee162 elementor-widget elementor-widget-heading\" data-id=\"78ee162\" data-element_type=\"widget\" data-widget_type=\"heading.default\">\n\t\t\t\t<div class=\"elementor-widget-container\">\n\t\t\t\t\t<h1 class=\"elementor-heading-title elementor-size-default\">Saariselk\u00e4<\/h1>\t\t\t\t<\/div>\n\t\t\t\t<\/div>\n\t\t\t\t\t<\/div>\n\t\t<\/div>\n\t\t\t\t\t<\/div>\n\t\t<\/section>\n\t\t\t\t<section class=\"elementor-section elementor-top-section elementor-element elementor-element-19b8e44 elementor-section-boxed elementor-section-height-default elementor-section-height-default\" data-id=\"19b8e44\" data-element_type=\"section\" data-settings=\"{&quot;_ha_eqh_enable&quot;:false}\">\n\t\t\t\t\t\t<div class=\"elementor-container elementor-column-gap-default\">\n\t\t\t\t\t<div class=\"elementor-column elementor-col-100 elementor-top-column elementor-element elementor-element-052edd1\" data-id=\"052edd1\" data-element_type=\"column\">\n\t\t\t<div class=\"elementor-widget-wrap elementor-element-populated\">\n\t\t\t\t\t\t<div class=\"elementor-element elementor-element-d277e0e elementor-widget elementor-widget-text-editor\" data-id=\"d277e0e\" data-element_type=\"widget\" data-widget_type=\"text-editor.default\">\n\t\t\t\t<div class=\"elementor-widget-container\">\n\t\t\t\t\t\t\t\t\t<p>Tervetuloa kotisivuillemme! Jokin sai sinut tulemaan sivuillemme, ja se ilahduttaa meit\u00e4. Ilahduttaa siksi, ett\u00e4 t\u00e4nne pohjoiseen ei p\u00e4\u00e4dyt\u00e4 sattumalta\u2026 Lappi houkuttelee vain hyvi\u00e4 ihmisi\u00e4, joilla on hyv\u00e4 syd\u00e4n ja avoin sielu. Jos kiinnostuit n\u00e4ist\u00e4 paikoista, jokin siis kutsuu sinua t\u00e4nne. Mik\u00e4 se jokin on, siihen ei kukaan osaa antaa yksiselitteist\u00e4 vastausta, sill\u00e4 mahdollisiin vastauksiin sis\u00e4ltyy enemm\u00e4n mystiikkaa kuin jokap\u00e4iv\u00e4ist\u00e4 kiireist\u00e4 arkitodellisuuttamme.<\/p><p>Uskomuksen mukaan pohjoisen ilmassa leijuu jonkinlainen \u201dlumous\u201d, jonka saatuaan ihminen ei en\u00e4\u00e4 koskaan ole entisens\u00e4, jokin vet\u00e4\u00e4 h\u00e4nt\u00e4 yh\u00e4 uudestaan palaamaan n\u00e4ille taianomaisille seuduille nauttimaan pohjoisen karusta mutta aidosta kauneudesta, hakemaan t\u00e4\u00e4lt\u00e4 jotain selitt\u00e4m\u00e4t\u00f6nt\u00e4 energiaa. Ja selitt\u00e4m\u00e4t\u00f6nt\u00e4 energiaa ja arvoituksia n\u00e4ill\u00e4 seuduilla tosiaan riitt\u00e4\u00e4.<\/p><p><img fetchpriority=\"high\" decoding=\"async\" class=\"img-responsive alignnone wp-image-268 size-full\" src=\"https:\/\/scanio.fi\/wp-content\/uploads\/2015\/02\/shutterstock_243734854.jpg\" sizes=\"(max-width: 750px) 100vw, 750px\" srcset=\"https:\/\/scanio.fi\/wp-content\/uploads\/2015\/02\/shutterstock_243734854.jpg 750w, https:\/\/scanio.fi\/wp-content\/uploads\/2015\/02\/shutterstock_243734854-300x152.jpg 300w\" alt=\"shutterstock_243734854\" width=\"750\" height=\"380\" \/><\/p><p>Maapallolla tiedet\u00e4\u00e4n olevan salaper\u00e4isi\u00e4 paikkoja, joihin liittyy erityisi\u00e4 voimia. Niiss\u00e4 ihminen muuttuu, h\u00e4nen mielens\u00e4 kohoaa uusiin korkeuksiin, h\u00e4neen virtaa uutta voimaa, h\u00e4n tuntee puhdistuvansa ja uudistuvansa. Sellaisia paikkoja on tarunhohtoisessa Lapissa, pohjoisimmassa Suomessa Inarin ja Saarisel\u00e4n alueella, kivenheiton p\u00e4\u00e4ss\u00e4 Pohjoisesta j\u00e4\u00e4merest\u00e4. T\u00e4\u00e4ll\u00e4 saat korvaamattoman henkisen kokemuksen, jokin selitt\u00e4m\u00e4t\u00f6n lataa sinut t\u00e4yteen voimaa, nostaa harteiltasi huolet ja vaikeudet.<\/p><p>N\u00e4it\u00e4 seutuja ovat ammoisista ajoista asuttaneet saamelaiset, pohjolan alkuper\u00e4iskansa. Heist\u00e4 kerrotaan paljon ihmeellisi\u00e4 taruja. Jo keskiajalla Lapin shamaanit tunnettiin Euroopan mahtavimpina velhoina. Lapin shamaaneilla on ammoisista ajoista uskottu olevan ihmeellisi\u00e4 kykyj\u00e4. Luontoa saamelaiset ovat aina pit\u00e4neet elollisena: kivell\u00e4, puulla ja j\u00e4rvell\u00e4 on oma henki, niihin on keskittynyt luonnon voimia. Palvomalla pyhi\u00e4 paikkoja, seitoja, joihin luonnon voimat ovat keskittyneet, voi vahvistaa henkist\u00e4 yhteytt\u00e4 luonnonvoimien ja ihmisen v\u00e4lill\u00e4, pyyt\u00e4\u00e4 luonnon hengilt\u00e4 apua ja suojelusta. Seita saattoi olla kivi, kukkula, puu tai j\u00e4rvi. Inarinj\u00e4rvell\u00e4 sijaitsee pyh\u00e4 kalliosaari Ukko, pyhist\u00e4 paikoista varmaan salaper\u00e4isin. Se sijaitsee aivan l\u00e4hell\u00e4 rantaa, mutta sit\u00e4 on miltei mahdoton n\u00e4hd\u00e4 \u2013 sankka sumu suojaa saamelaisten ikiaikaisia salaisuuksia. N\u00e4ihin Lapin seutuihin liittyy useasti ihmeellisi\u00e4 ilmi\u00f6it\u00e4. Seitojen l\u00e4hell\u00e4 tapahtuu usein outoja. Jos yritt\u00e4\u00e4 valokuvata tai videoida saamelaisten pyhi\u00e4 paikkoja, kameraan voi tulla jokin kummallinen vika. Joissain paikoissa on my\u00f6s magneettisia h\u00e4iri\u00f6it\u00e4: kompassin nuoli alkaa py\u00f6ri\u00e4 ympyr\u00e4\u00e4. Noustaessa Magneettim\u00e4elle, joka sijaitsee l\u00e4hell\u00e4 Saarisel\u00e4n kyl\u00e4\u00e4, autojen moottoritkin v\u00e4lill\u00e4 pys\u00e4htyv\u00e4t.<\/p><p><img decoding=\"async\" class=\"img-responsive alignnone wp-image-272 size-full\" src=\"https:\/\/scanio.fi\/wp-content\/uploads\/2015\/02\/shutterstock_135193274.jpg\" sizes=\"(max-width: 750px) 100vw, 750px\" srcset=\"https:\/\/scanio.fi\/wp-content\/uploads\/2015\/02\/shutterstock_135193274.jpg 750w, https:\/\/scanio.fi\/wp-content\/uploads\/2015\/02\/shutterstock_135193274-300x152.jpg 300w\" alt=\"\" width=\"750\" height=\"380\" \/><\/p><p>Arvoituksiin ja mystiikkaan t\u00f6rm\u00e4\u00e4 t\u00e4\u00e4ll\u00e4 joka askeleella. Kysymyksi\u00e4 on enemm\u00e4n kuin vastauksia. Mik\u00e4 selitt\u00e4\u00e4 esimerkiksi suuret saksalaisjoukkojen siirrot Lappiin toisen maailmansodan aikana ja kiinnostuksen, jota Kolmannen valtakunnan salaper\u00e4isimpiin j\u00e4rjest\u00f6ihin kuulunut Ahnenerbe osoitti n\u00e4it\u00e4 seutuja kohtaan, koska arveli, ett\u00e4 nimenomaan jostain t\u00e4\u00e4lt\u00e4 voi l\u00f6yty\u00e4 yksi ovista arvoitukselliseen Shambalan valtakuntaan.<\/p><p>Mystiikan lis\u00e4ksi Lapissa voi kuitenkin tutustua my\u00f6s t\u00e4ysin todellisiin asioihin. Aivan l\u00e4hell\u00e4 Saariselk\u00e4\u00e4 on Tankavaaran kultakyl\u00e4, joka on houkutellut ja houkuttelee yh\u00e4 kullanetsij\u00f6it\u00e4 kaikkialta maailmasta. Kullan etsint\u00e4 alkoi siell\u00e4 jo 1868 ja jatkuu edelleen. Siell\u00e4 voi tuntea ilmassa seikkailun hengen. Jos haluat kokeilla onneasi kullanetsij\u00e4n\u00e4, suuntaa matkasi Tankavaaraan. Onni voi potkaista ket\u00e4 tahansa! Suurin Tankavaarasta l\u00f6ydetty hippu painoi 186 grammaa. Kultaa eiv\u00e4t sit\u00e4 paitsi l\u00f6yd\u00e4 vain ammattilaiset, se on mahdollista jokaiselle k\u00e4vij\u00e4lle. Suurin turistin l\u00f6yt\u00e4m\u00e4 hippu painoi 40 grammaa. Kuka tiet\u00e4\u00e4, ehk\u00e4 onni on sinulle viel\u00e4 suopeampi! Inarin\u2013Saarisel\u00e4n alueella j\u00e4rjestet\u00e4\u00e4n joka kes\u00e4 kullanhuuhdontakisat. K\u00e4vi miten k\u00e4vi, kenenk\u00e4\u00e4n ei tarvitse l\u00e4hte\u00e4 t\u00e4\u00e4lt\u00e4 kotiin ilman omaa kultahippusta, ellei itse huuhdottua, niin paikallisesta matkamuistomyym\u00e4l\u00e4st\u00e4 ostettua.<\/p><p><img decoding=\"async\" class=\"alignnone size-full wp-image-271 img-responsive\" src=\"https:\/\/scanio.fi\/wp-content\/uploads\/2015\/02\/shutterstock_233176774.jpg\" sizes=\"(max-width: 750px) 100vw, 750px\" srcset=\"https:\/\/scanio.fi\/wp-content\/uploads\/2015\/02\/shutterstock_233176774.jpg 750w, https:\/\/scanio.fi\/wp-content\/uploads\/2015\/02\/shutterstock_233176774-300x152.jpg 300w\" alt=\"shutterstock_233176774\" width=\"750\" height=\"380\" \/><\/p><p>Revontulet ovat viel\u00e4 yksi syy, jonka vuoksi Pohjois-Lappiin kannattaa tulla. Kukaan, joka on n\u00e4hnyt revontulet, ei voi unohtaa sit\u00e4 n\u00e4ky\u00e4, kun y\u00f6taivaalle leimahtavat t\u00e4ydellisen hiljaisuuden vallitessa tanssivat maagiset valot. Niit\u00e4 ei voi sanoin kuvailla, ne on n\u00e4ht\u00e4v\u00e4. Revontulia n\u00e4kyy eniten kev\u00e4\u00e4ll\u00e4 ja syksyll\u00e4, mutta n\u00e4it\u00e4 lumoavan kauniita luonnonilmi\u00f6it\u00e4 voi n\u00e4hd\u00e4 muinakin vuodenaikoina.<\/p><p>Ihmeellinen Inarin\u2013Saarisel\u00e4n seutu antaa unohtumattomia el\u00e4myksi\u00e4 yhteydest\u00e4 luonnon salaper\u00e4isiin voimiin ja saamelaisten ikiaikaisiin uskomuksiin. Puhdas ja koskematon luonto auttaa vapautumaan murheista, antaa mielenrauhan ja t\u00e4ytt\u00e4\u00e4 ihmisen uudella energialla. Juomavedest\u00e4 ei tarvitse kantaa huolta \u2013 juoda voi suoraan puroista ja j\u00e4rvist\u00e4, kristallinkirkas vesi voimistaa ja virkist\u00e4\u00e4. Kalastus kirkkaansinisell\u00e4 tyynell\u00e4 Inarinj\u00e4rvell\u00e4 mahtavien maisemien keskell\u00e4 saa unohtamaan kaikki harmit ja huolet. Elo-syyskuussa on ymp\u00e4rist\u00f6ss\u00e4 paljon sieni\u00e4 ja marjoja. Norja ja Pohjoinen j\u00e4\u00e4meri ovat aivan vieress\u00e4, joten niit\u00e4kin voi piipahtaa katsomassa.<\/p><p><img loading=\"lazy\" decoding=\"async\" class=\"alignnone size-full wp-image-270 img-responsive\" src=\"https:\/\/scanio.fi\/wp-content\/uploads\/2015\/02\/shutterstock_10801918.jpg\" sizes=\"(max-width: 750px) 100vw, 750px\" srcset=\"https:\/\/scanio.fi\/wp-content\/uploads\/2015\/02\/shutterstock_10801918.jpg 750w, https:\/\/scanio.fi\/wp-content\/uploads\/2015\/02\/shutterstock_10801918-300x152.jpg 300w\" alt=\"shutterstock_10801918\" width=\"750\" height=\"380\" \/><\/p><p>Vuodenajat erottuvat Lapissa selv\u00e4sti toisistaan. Joulukuun alusta tammikuun alkuun vallitsee kaamos, mutta sit\u00e4 ei tarvitse pel\u00e4t\u00e4, p\u00e4iv\u00e4t eiv\u00e4t ole pilkkopimeit\u00e4. Aurinko ei nouse horisontin yl\u00e4puolelle mutta antaa taivaalle hiukan vaaleansinist\u00e4 ja vaaleanpunaista valoa luoden ihmeellisen kauniin satumaisen n\u00e4kym\u00e4n. Hiihtokausi kest\u00e4\u00e4 huhtikuun loppuun. Kes\u00e4ll\u00e4 alkaa y\u00f6tt\u00f6m\u00e4n y\u00f6n aika, jolloin aurinko ei edes keskiy\u00f6ll\u00e4 laske horisontin taakse. Syksy Lapissa on r\u00e4iskyvien v\u00e4rien ja uskomattoman raikkaan ilman aikaa. Jokainen vuodenaika on omalla tavallaan kaunis. Lumoava ja salaper\u00e4inen Pohjois-Lappi odottaa sinua! Me puolestamme teemme kaikkemme, jotta lomastasi villin, koskemattoman luonnon keskell\u00e4 tulisi mahdollisimman mukava.<\/p><p>Voit tulla luoksemme ylh\u00e4isess\u00e4 yksin\u00e4isyydess\u00e4si unohtamaan ongelmasi, l\u00e4\u00e4kitsem\u00e4\u00e4n sieluasi ja lep\u00e4\u00e4m\u00e4\u00e4n tai p\u00e4invastoin tekem\u00e4\u00e4n ty\u00f6t\u00e4 hiljaisuudessa, kokoamaan ajatuksiasi kaukana kaupunkien h\u00e4lin\u00e4st\u00e4. Kukapa tiet\u00e4\u00e4, ehk\u00e4 juuri t\u00e4\u00e4ll\u00e4 saat parhaat ideat liiketoimintaan ja tulevaan kehitykseen. Voit tulla yst\u00e4vien tai ty\u00f6toverien seurassa, tilaa riitt\u00e4\u00e4 kaikille. Voit viett\u00e4\u00e4 luonamme romanttisia iltoja rakkaasi kanssa. Voit tulla perheen ja lasten kanssa. Otamme kaikki vastaan avosylin. Joka tapauksessa saat k\u00e4ytt\u00f6\u00f6si viihtyis\u00e4n ja mukavan \u201dpes\u00e4n\u201d, joka on varustettu kaikella tarpeellisella ja johon vaativinkin vieras voi olla tyytyv\u00e4inen. Olemme varmoja, ett\u00e4 tutustuttuasi Saarisel\u00e4n ihmeellisiin maisemiin palaat mielell\u00e4si viihtyisiin m\u00f6kkeihimme nauttimaan olostasi.<\/p>\t\t\t\t\t\t\t\t<\/div>\n\t\t\t\t<\/div>\n\t\t\t\t\t<\/div>\n\t\t<\/div>\n\t\t\t\t\t<\/div>\n\t\t<\/section>\n\t\t\t\t<\/div>\n\t\t","protected":false},"excerpt":{"rendered":"<p>Saariselk\u00e4 Tervetuloa kotisivuillemme! Jokin sai sinut tulemaan sivuillemme, ja se ilahduttaa meit\u00e4. Ilahduttaa siksi, ett\u00e4 t\u00e4nne pohjoiseen ei p\u00e4\u00e4dyt\u00e4 sattumalta\u2026 Lappi houkuttelee vain hyvi\u00e4 ihmisi\u00e4, joilla on hyv\u00e4 syd\u00e4n ja avoin sielu. Jos kiinnostuit n\u00e4ist\u00e4 paikoista, jokin siis kutsuu sinua t\u00e4nne. Mik\u00e4 se jokin on, siihen ei kukaan osaa antaa yksiselitteist\u00e4 vastausta, sill\u00e4 mahdollisiin vastauksiin [&hellip;]<\/p>\n","protected":false},"author":1,"featured_media":0,"parent":0,"menu_order":0,"comment_status":"closed","ping_status":"closed","template":"elementor_header_footer","meta":{"footnotes":""},"class_list":["post-291","page","type-page","status-publish","hentry","entry"],"_links":{"self":[{"href":"https:\/\/scanio.fi\/fi\/wp-json\/wp\/v2\/pages\/291","targetHints":{"allow":["GET"]}}],"collection":[{"href":"https:\/\/scanio.fi\/fi\/wp-json\/wp\/v2\/pages"}],"about":[{"href":"https:\/\/scanio.fi\/fi\/wp-json\/wp\/v2\/types\/page"}],"author":[{"embeddable":true,"href":"https:\/\/scanio.fi\/fi\/wp-json\/wp\/v2\/users\/1"}],"replies":[{"embeddable":true,"href":"https:\/\/scanio.fi\/fi\/wp-json\/wp\/v2\/comments?post=291"}],"version-history":[{"count":8,"href":"https:\/\/scanio.fi\/fi\/wp-json\/wp\/v2\/pages\/291\/revisions"}],"predecessor-version":[{"id":971,"href":"https:\/\/scanio.fi\/fi\/wp-json\/wp\/v2\/pages\/291\/revisions\/971"}],"wp:attachment":[{"href":"https:\/\/scanio.fi\/fi\/wp-json\/wp\/v2\/media?parent=291"}],"curies":[{"name":"wp","href":"https:\/\/api.w.org\/{rel}","templated":true}]}}