{"id":805,"date":"2020-11-16T16:24:46","date_gmt":"2020-11-16T14:24:46","guid":{"rendered":"http:\/\/scanio.fi\/?page_id=805"},"modified":"2020-11-21T11:46:49","modified_gmt":"2020-11-21T09:46:49","slug":"snowshoeing-and-skiing","status":"publish","type":"page","link":"https:\/\/scanio.fi\/en\/snowshoeing-and-skiing\/","title":{"rendered":"Snowshoeing and skiing"},"content":{"rendered":"<div data-elementor-type=\"wp-page\" data-elementor-id=\"805\" class=\"elementor elementor-805\" data-elementor-settings=\"{&quot;ha_cmc_init_switcher&quot;:&quot;no&quot;}\">\n\t\t\t\t\t\t<section class=\"elementor-section elementor-top-section elementor-element elementor-element-172aa020 elementor-section-height-min-height elementor-section-content-middle elementor-section-boxed elementor-section-height-default elementor-section-items-middle\" data-id=\"172aa020\" data-element_type=\"section\" data-settings=\"{&quot;background_background&quot;:&quot;classic&quot;,&quot;_ha_eqh_enable&quot;:false}\">\n\t\t\t\t\t\t\t<div class=\"elementor-background-overlay\"><\/div>\n\t\t\t\t\t\t\t<div class=\"elementor-container elementor-column-gap-default\">\n\t\t\t\t\t<div class=\"elementor-column elementor-col-100 elementor-top-column elementor-element elementor-element-10a7b2dd\" data-id=\"10a7b2dd\" data-element_type=\"column\">\n\t\t\t<div class=\"elementor-widget-wrap elementor-element-populated\">\n\t\t\t\t\t\t<div class=\"elementor-element elementor-element-d68d45f elementor-widget elementor-widget-heading\" data-id=\"d68d45f\" data-element_type=\"widget\" data-widget_type=\"heading.default\">\n\t\t\t\t<div class=\"elementor-widget-container\">\n\t\t\t\t\t<h1 class=\"elementor-heading-title elementor-size-default\">Snowshoeing and skiing<\/h1>\t\t\t\t<\/div>\n\t\t\t\t<\/div>\n\t\t\t\t\t<\/div>\n\t\t<\/div>\n\t\t\t\t\t<\/div>\n\t\t<\/section>\n\t\t\t\t<section class=\"elementor-section elementor-top-section elementor-element elementor-element-4074cdf8 elementor-section-boxed elementor-section-height-default elementor-section-height-default\" data-id=\"4074cdf8\" data-element_type=\"section\" data-settings=\"{&quot;background_background&quot;:&quot;classic&quot;,&quot;_ha_eqh_enable&quot;:false}\">\n\t\t\t\t\t\t<div class=\"elementor-container elementor-column-gap-default\">\n\t\t\t\t\t<div class=\"elementor-column elementor-col-50 elementor-top-column elementor-element elementor-element-93b0159\" data-id=\"93b0159\" data-element_type=\"column\">\n\t\t\t<div class=\"elementor-widget-wrap elementor-element-populated\">\n\t\t\t\t\t\t<div class=\"elementor-element elementor-element-6d0a6017 elementor-widget elementor-widget-image\" data-id=\"6d0a6017\" data-element_type=\"widget\" data-widget_type=\"image.default\">\n\t\t\t\t<div class=\"elementor-widget-container\">\n\t\t\t\t\t\t\t\t\t\t\t\t\t\t\t\t<a href=\"https:\/\/scanio.fi\/wp-content\/uploads\/2020\/11\/Cross-country-skiing-scaled.jpg\" data-elementor-open-lightbox=\"yes\" data-elementor-lightbox-title=\"Cross-country skiing\" data-e-action-hash=\"#elementor-action%3Aaction%3Dlightbox%26settings%3DeyJpZCI6NzUwLCJ1cmwiOiJodHRwczpcL1wvc2NhbmlvLmZpXC93cC1jb250ZW50XC91cGxvYWRzXC8yMDIwXC8xMVwvQ3Jvc3MtY291bnRyeS1za2lpbmctc2NhbGVkLmpwZyJ9\">\n\t\t\t\t\t\t\t<img fetchpriority=\"high\" decoding=\"async\" width=\"1024\" height=\"683\" src=\"https:\/\/scanio.fi\/wp-content\/uploads\/2020\/11\/Cross-country-skiing-1024x683.jpg\" class=\"attachment-large size-large wp-image-750\" alt=\"\" srcset=\"https:\/\/scanio.fi\/wp-content\/uploads\/2020\/11\/Cross-country-skiing-1024x683.jpg 1024w, https:\/\/scanio.fi\/wp-content\/uploads\/2020\/11\/Cross-country-skiing-300x200.jpg 300w, https:\/\/scanio.fi\/wp-content\/uploads\/2020\/11\/Cross-country-skiing-768x512.jpg 768w, https:\/\/scanio.fi\/wp-content\/uploads\/2020\/11\/Cross-country-skiing-1536x1024.jpg 1536w, https:\/\/scanio.fi\/wp-content\/uploads\/2020\/11\/Cross-country-skiing-2048x1365.jpg 2048w, https:\/\/scanio.fi\/wp-content\/uploads\/2020\/11\/Cross-country-skiing-16x12.jpg 16w\" sizes=\"(max-width: 1024px) 100vw, 1024px\" \/>\t\t\t\t\t\t\t\t<\/a>\n\t\t\t\t\t\t\t\t\t\t\t\t\t\t\t<\/div>\n\t\t\t\t<\/div>\n\t\t\t\t\t<\/div>\n\t\t<\/div>\n\t\t\t\t<div class=\"elementor-column elementor-col-50 elementor-top-column elementor-element elementor-element-28f5eaa7\" data-id=\"28f5eaa7\" data-element_type=\"column\">\n\t\t\t<div class=\"elementor-widget-wrap elementor-element-populated\">\n\t\t\t\t\t\t<section class=\"elementor-section elementor-top-section elementor-element elementor-element-4a7e3baa elementor-section-boxed elementor-section-height-default elementor-section-height-default\" data-id=\"4a7e3baa\" data-element_type=\"section\" data-settings=\"{&quot;_ha_eqh_enable&quot;:false}\">\n\t\t\t\t\t\t<div class=\"elementor-container elementor-column-gap-default\">\n\t\t\t\t\t<div class=\"elementor-column elementor-col-100 elementor-top-column elementor-element elementor-element-182d4e85\" data-id=\"182d4e85\" data-element_type=\"column\">\n\t\t\t<div class=\"elementor-widget-wrap elementor-element-populated\">\n\t\t\t\t\t\t<div class=\"elementor-element elementor-element-40dc233b elementor-widget elementor-widget-heading\" data-id=\"40dc233b\" data-element_type=\"widget\" data-widget_type=\"heading.default\">\n\t\t\t\t<div class=\"elementor-widget-container\">\n\t\t\t\t\t<h2 class=\"elementor-heading-title elementor-size-default\">Snowshoeing and skiing<\/h2>\t\t\t\t<\/div>\n\t\t\t\t<\/div>\n\t\t\t\t<div class=\"elementor-element elementor-element-d2fdda2 elementor-widget elementor-widget-text-editor\" data-id=\"d2fdda2\" data-element_type=\"widget\" data-widget_type=\"text-editor.default\">\n\t\t\t\t<div class=\"elementor-widget-container\">\n\t\t\t\t\t\t\t\t\t<p><br \/>Urho Kekkonen National park by snowshoes 2h<br \/><br \/>Intensive course for cross country skiing 2h<\/p>\t\t\t\t\t\t\t\t<\/div>\n\t\t\t\t<\/div>\n\t\t\t\t\t<\/div>\n\t\t<\/div>\n\t\t\t\t\t<\/div>\n\t\t<\/section>\n\t\t\t\t\t<\/div>\n\t\t<\/div>\n\t\t\t\t\t<\/div>\n\t\t<\/section>\n\t\t\t\t<\/div>","protected":false},"excerpt":{"rendered":"<p>Lumikenk\u00e4ily ja hiihto Lumikenk\u00e4ily ja hiihto Opastettu lumikenk\u00e4ily Urho Kekkosen Kansallispuistossa, 2h Hiihdon opetus Urho Kekkosen Kansallispuistossa, 2h<\/p>","protected":false},"author":1,"featured_media":0,"parent":0,"menu_order":0,"comment_status":"closed","ping_status":"closed","template":"elementor_header_footer","meta":{"footnotes":""},"class_list":["post-805","page","type-page","status-publish","hentry","entry"],"_links":{"self":[{"href":"https:\/\/scanio.fi\/en\/wp-json\/wp\/v2\/pages\/805","targetHints":{"allow":["GET"]}}],"collection":[{"href":"https:\/\/scanio.fi\/en\/wp-json\/wp\/v2\/pages"}],"about":[{"href":"https:\/\/scanio.fi\/en\/wp-json\/wp\/v2\/types\/page"}],"author":[{"embeddable":true,"href":"https:\/\/scanio.fi\/en\/wp-json\/wp\/v2\/users\/1"}],"replies":[{"embeddable":true,"href":"https:\/\/scanio.fi\/en\/wp-json\/wp\/v2\/comments?post=805"}],"version-history":[{"count":5,"href":"https:\/\/scanio.fi\/en\/wp-json\/wp\/v2\/pages\/805\/revisions"}],"predecessor-version":[{"id":894,"href":"https:\/\/scanio.fi\/en\/wp-json\/wp\/v2\/pages\/805\/revisions\/894"}],"wp:attachment":[{"href":"https:\/\/scanio.fi\/en\/wp-json\/wp\/v2\/media?parent=805"}],"curies":[{"name":"wp","href":"https:\/\/api.w.org\/{rel}","templated":true}]}}