{"id":45,"date":"2020-10-11T18:44:31","date_gmt":"2020-10-11T15:44:31","guid":{"rendered":"http:\/\/scanio.fi\/?page_id=45"},"modified":"2020-11-21T11:50:56","modified_gmt":"2020-11-21T09:50:56","slug":"food","status":"publish","type":"page","link":"https:\/\/scanio.fi\/en\/food\/","title":{"rendered":"Food"},"content":{"rendered":"<div data-elementor-type=\"wp-page\" data-elementor-id=\"45\" class=\"elementor elementor-45\" data-elementor-settings=\"{&quot;ha_cmc_init_switcher&quot;:&quot;no&quot;}\">\n\t\t\t\t\t\t<section class=\"elementor-section elementor-top-section elementor-element elementor-element-172aa020 elementor-section-height-min-height elementor-section-content-middle elementor-section-boxed elementor-section-height-default elementor-section-items-middle\" data-id=\"172aa020\" data-element_type=\"section\" data-settings=\"{&quot;background_background&quot;:&quot;classic&quot;,&quot;_ha_eqh_enable&quot;:false}\">\n\t\t\t\t\t\t\t<div class=\"elementor-background-overlay\"><\/div>\n\t\t\t\t\t\t\t<div class=\"elementor-container elementor-column-gap-default\">\n\t\t\t\t\t<div class=\"elementor-column elementor-col-100 elementor-top-column elementor-element elementor-element-10a7b2dd\" data-id=\"10a7b2dd\" data-element_type=\"column\">\n\t\t\t<div class=\"elementor-widget-wrap elementor-element-populated\">\n\t\t\t\t\t\t<div class=\"elementor-element elementor-element-d68d45f elementor-widget elementor-widget-heading\" data-id=\"d68d45f\" data-element_type=\"widget\" data-widget_type=\"heading.default\">\n\t\t\t\t<div class=\"elementor-widget-container\">\n\t\t\t\t\t<h1 class=\"elementor-heading-title elementor-size-default\">Food<\/h1>\t\t\t\t<\/div>\n\t\t\t\t<\/div>\n\t\t\t\t\t<\/div>\n\t\t<\/div>\n\t\t\t\t\t<\/div>\n\t\t<\/section>\n\t\t\t\t<section class=\"elementor-section elementor-top-section elementor-element elementor-element-5d223289 elementor-section-content-middle elementor-section-boxed elementor-section-height-default elementor-section-height-default\" data-id=\"5d223289\" data-element_type=\"section\" data-settings=\"{&quot;_ha_eqh_enable&quot;:false}\">\n\t\t\t\t\t\t<div class=\"elementor-container elementor-column-gap-default\">\n\t\t\t\t\t<div class=\"elementor-column elementor-col-50 elementor-top-column elementor-element elementor-element-d189165\" data-id=\"d189165\" data-element_type=\"column\">\n\t\t\t<div class=\"elementor-widget-wrap elementor-element-populated\">\n\t\t\t\t\t\t<div class=\"elementor-element elementor-element-7c822f9a elementor-widget elementor-widget-text-editor\" data-id=\"7c822f9a\" data-element_type=\"widget\" data-widget_type=\"text-editor.default\">\n\t\t\t\t<div class=\"elementor-widget-container\">\n\t\t\t\t\t\t\t\t\t<p>Lunch or dinners, everyday breakfasts or breakfast sets and everything in between served directly to your villa. Chef recommendations are easy way to choose suitable dishes to your group.<br \/><br \/>You can also order food and drinks at the cottage according to your shoppinglist.<\/p>\t\t\t\t\t\t\t\t<\/div>\n\t\t\t\t<\/div>\n\t\t\t\t\t<\/div>\n\t\t<\/div>\n\t\t\t\t<div class=\"elementor-column elementor-col-50 elementor-top-column elementor-element elementor-element-4de4b7d1 elementor-sm-100\" data-id=\"4de4b7d1\" data-element_type=\"column\">\n\t\t\t<div class=\"elementor-widget-wrap elementor-element-populated\">\n\t\t\t\t\t\t<div class=\"elementor-element elementor-element-507402b0 gallery-spacing-custom elementor-widget elementor-widget-image-gallery\" data-id=\"507402b0\" data-element_type=\"widget\" data-widget_type=\"image-gallery.default\">\n\t\t\t\t<div class=\"elementor-widget-container\">\n\t\t\t\t\t\t\t<div class=\"elementor-image-gallery\">\n\t\t\t<div id='gallery-1' class='gallery galleryid-45 gallery-columns-3 gallery-size-full'><figure class='gallery-item'>\n\t\t\t<div class='gallery-icon landscape'>\n\t\t\t\t<a data-elementor-open-lightbox=\"yes\" data-elementor-lightbox-slideshow=\"507402b0\" data-elementor-lightbox-title=\"Breakfast_pirros\" data-e-action-hash=\"#elementor-action%3Aaction%3Dlightbox%26settings%3DeyJpZCI6Mzc1LCJ1cmwiOiJodHRwczpcL1wvc2NhbmlvLmZpXC93cC1jb250ZW50XC91cGxvYWRzXC8yMDIwXC8xMVwvQnJlYWtmYXN0X3BpcnJvcy5qcGciLCJzbGlkZXNob3ciOiI1MDc0MDJiMCJ9\" href='https:\/\/scanio.fi\/wp-content\/uploads\/2020\/11\/Breakfast_pirros.jpg'><img fetchpriority=\"high\" decoding=\"async\" width=\"2291\" height=\"1600\" src=\"https:\/\/scanio.fi\/wp-content\/uploads\/2020\/11\/Breakfast_pirros.jpg\" class=\"attachment-full size-full\" alt=\"\" srcset=\"https:\/\/scanio.fi\/wp-content\/uploads\/2020\/11\/Breakfast_pirros.jpg 2291w, https:\/\/scanio.fi\/wp-content\/uploads\/2020\/11\/Breakfast_pirros-300x210.jpg 300w, https:\/\/scanio.fi\/wp-content\/uploads\/2020\/11\/Breakfast_pirros-1024x715.jpg 1024w, https:\/\/scanio.fi\/wp-content\/uploads\/2020\/11\/Breakfast_pirros-768x536.jpg 768w, https:\/\/scanio.fi\/wp-content\/uploads\/2020\/11\/Breakfast_pirros-1536x1073.jpg 1536w, https:\/\/scanio.fi\/wp-content\/uploads\/2020\/11\/Breakfast_pirros-2048x1430.jpg 2048w, https:\/\/scanio.fi\/wp-content\/uploads\/2020\/11\/Breakfast_pirros-16x12.jpg 16w\" sizes=\"(max-width: 2291px) 100vw, 2291px\" \/><\/a>\n\t\t\t<\/div><\/figure><figure class='gallery-item'>\n\t\t\t<div class='gallery-icon landscape'>\n\t\t\t\t<a data-elementor-open-lightbox=\"yes\" data-elementor-lightbox-slideshow=\"507402b0\" data-elementor-lightbox-title=\"Lohiateria\" data-e-action-hash=\"#elementor-action%3Aaction%3Dlightbox%26settings%3DeyJpZCI6MTAxLCJ1cmwiOiJodHRwczpcL1wvc2NhbmlvLmZpXC93cC1jb250ZW50XC91cGxvYWRzXC8yMDIwXC8xMFwvcGV4ZWxzLXNlYmFzdGlhbi1jb21hbi1waG90b2dyYXBoeS0zNjU1OTE2LXNjYWxlZC5qcGciLCJzbGlkZXNob3ciOiI1MDc0MDJiMCJ9\" href='https:\/\/scanio.fi\/wp-content\/uploads\/2020\/10\/pexels-sebastian-coman-photography-3655916-scaled.jpg'><img decoding=\"async\" width=\"2560\" height=\"1708\" src=\"https:\/\/scanio.fi\/wp-content\/uploads\/2020\/10\/pexels-sebastian-coman-photography-3655916-scaled.jpg\" class=\"attachment-full size-full\" alt=\"\" srcset=\"https:\/\/scanio.fi\/wp-content\/uploads\/2020\/10\/pexels-sebastian-coman-photography-3655916-scaled.jpg 2560w, https:\/\/scanio.fi\/wp-content\/uploads\/2020\/10\/pexels-sebastian-coman-photography-3655916-300x200.jpg 300w, https:\/\/scanio.fi\/wp-content\/uploads\/2020\/10\/pexels-sebastian-coman-photography-3655916-1024x683.jpg 1024w, https:\/\/scanio.fi\/wp-content\/uploads\/2020\/10\/pexels-sebastian-coman-photography-3655916-768x512.jpg 768w, https:\/\/scanio.fi\/wp-content\/uploads\/2020\/10\/pexels-sebastian-coman-photography-3655916-1536x1025.jpg 1536w, https:\/\/scanio.fi\/wp-content\/uploads\/2020\/10\/pexels-sebastian-coman-photography-3655916-2048x1366.jpg 2048w\" sizes=\"(max-width: 2560px) 100vw, 2560px\" \/><\/a>\n\t\t\t<\/div><\/figure><figure class='gallery-item'>\n\t\t\t<div class='gallery-icon landscape'>\n\t\t\t\t<a data-elementor-open-lightbox=\"yes\" data-elementor-lightbox-slideshow=\"507402b0\" data-elementor-lightbox-title=\"pexels-julio-melanda-1448722_1\" data-e-action-hash=\"#elementor-action%3Aaction%3Dlightbox%26settings%3DeyJpZCI6MTAwLCJ1cmwiOiJodHRwczpcL1wvc2NhbmlvLmZpXC93cC1jb250ZW50XC91cGxvYWRzXC8yMDIwXC8xMFwvcGV4ZWxzLWp1bGlvLW1lbGFuZGEtMTQ0ODcyMl8xLmpwZyIsInNsaWRlc2hvdyI6IjUwNzQwMmIwIn0%3D\" href='https:\/\/scanio.fi\/wp-content\/uploads\/2020\/10\/pexels-julio-melanda-1448722_1.jpg'><img decoding=\"async\" width=\"1920\" height=\"1280\" src=\"https:\/\/scanio.fi\/wp-content\/uploads\/2020\/10\/pexels-julio-melanda-1448722_1.jpg\" class=\"attachment-full size-full\" alt=\"\" srcset=\"https:\/\/scanio.fi\/wp-content\/uploads\/2020\/10\/pexels-julio-melanda-1448722_1.jpg 1920w, https:\/\/scanio.fi\/wp-content\/uploads\/2020\/10\/pexels-julio-melanda-1448722_1-300x200.jpg 300w, https:\/\/scanio.fi\/wp-content\/uploads\/2020\/10\/pexels-julio-melanda-1448722_1-1024x683.jpg 1024w, https:\/\/scanio.fi\/wp-content\/uploads\/2020\/10\/pexels-julio-melanda-1448722_1-768x512.jpg 768w, https:\/\/scanio.fi\/wp-content\/uploads\/2020\/10\/pexels-julio-melanda-1448722_1-1536x1024.jpg 1536w\" sizes=\"(max-width: 1920px) 100vw, 1920px\" \/><\/a>\n\t\t\t<\/div><\/figure><figure class='gallery-item'>\n\t\t\t<div class='gallery-icon portrait'>\n\t\t\t\t<a data-elementor-open-lightbox=\"yes\" data-elementor-lightbox-slideshow=\"507402b0\" data-elementor-lightbox-title=\"IMG_7718\" data-e-action-hash=\"#elementor-action%3Aaction%3Dlightbox%26settings%3DeyJpZCI6OTgsInVybCI6Imh0dHBzOlwvXC9zY2FuaW8uZmlcL3dwLWNvbnRlbnRcL3VwbG9hZHNcLzIwMjBcLzEwXC9JTUdfNzcxOC1zY2FsZWQuanBlZyIsInNsaWRlc2hvdyI6IjUwNzQwMmIwIn0%3D\" href='https:\/\/scanio.fi\/wp-content\/uploads\/2020\/10\/IMG_7718-scaled.jpeg'><img loading=\"lazy\" decoding=\"async\" width=\"1920\" height=\"2560\" src=\"https:\/\/scanio.fi\/wp-content\/uploads\/2020\/10\/IMG_7718-scaled.jpeg\" class=\"attachment-full size-full\" alt=\"\" srcset=\"https:\/\/scanio.fi\/wp-content\/uploads\/2020\/10\/IMG_7718-scaled.jpeg 1920w, https:\/\/scanio.fi\/wp-content\/uploads\/2020\/10\/IMG_7718-225x300.jpeg 225w, https:\/\/scanio.fi\/wp-content\/uploads\/2020\/10\/IMG_7718-768x1024.jpeg 768w, https:\/\/scanio.fi\/wp-content\/uploads\/2020\/10\/IMG_7718-1152x1536.jpeg 1152w, https:\/\/scanio.fi\/wp-content\/uploads\/2020\/10\/IMG_7718-1536x2048.jpeg 1536w\" sizes=\"(max-width: 1920px) 100vw, 1920px\" \/><\/a>\n\t\t\t<\/div><\/figure><figure class='gallery-item'>\n\t\t\t<div class='gallery-icon portrait'>\n\t\t\t\t<a data-elementor-open-lightbox=\"yes\" data-elementor-lightbox-slideshow=\"507402b0\" data-elementor-lightbox-title=\"IMG_7689\" data-e-action-hash=\"#elementor-action%3Aaction%3Dlightbox%26settings%3DeyJpZCI6OTcsInVybCI6Imh0dHBzOlwvXC9zY2FuaW8uZmlcL3dwLWNvbnRlbnRcL3VwbG9hZHNcLzIwMjBcLzEwXC9JTUdfNzY4OS1zY2FsZWQuanBlZyIsInNsaWRlc2hvdyI6IjUwNzQwMmIwIn0%3D\" href='https:\/\/scanio.fi\/wp-content\/uploads\/2020\/10\/IMG_7689-scaled.jpeg'><img loading=\"lazy\" decoding=\"async\" width=\"1920\" height=\"2560\" src=\"https:\/\/scanio.fi\/wp-content\/uploads\/2020\/10\/IMG_7689-scaled.jpeg\" class=\"attachment-full size-full\" alt=\"\" srcset=\"https:\/\/scanio.fi\/wp-content\/uploads\/2020\/10\/IMG_7689-scaled.jpeg 1920w, https:\/\/scanio.fi\/wp-content\/uploads\/2020\/10\/IMG_7689-225x300.jpeg 225w, https:\/\/scanio.fi\/wp-content\/uploads\/2020\/10\/IMG_7689-768x1024.jpeg 768w, https:\/\/scanio.fi\/wp-content\/uploads\/2020\/10\/IMG_7689-1152x1536.jpeg 1152w, https:\/\/scanio.fi\/wp-content\/uploads\/2020\/10\/IMG_7689-1536x2048.jpeg 1536w\" sizes=\"(max-width: 1920px) 100vw, 1920px\" \/><\/a>\n\t\t\t<\/div><\/figure><figure class='gallery-item'>\n\t\t\t<div class='gallery-icon portrait'>\n\t\t\t\t<a data-elementor-open-lightbox=\"yes\" data-elementor-lightbox-slideshow=\"507402b0\" data-elementor-lightbox-title=\"IMG_7688\" data-e-action-hash=\"#elementor-action%3Aaction%3Dlightbox%26settings%3DeyJpZCI6OTYsInVybCI6Imh0dHBzOlwvXC9zY2FuaW8uZmlcL3dwLWNvbnRlbnRcL3VwbG9hZHNcLzIwMjBcLzEwXC9JTUdfNzY4OC1zY2FsZWQuanBlZyIsInNsaWRlc2hvdyI6IjUwNzQwMmIwIn0%3D\" href='https:\/\/scanio.fi\/wp-content\/uploads\/2020\/10\/IMG_7688-scaled.jpeg'><img loading=\"lazy\" decoding=\"async\" width=\"1920\" height=\"2560\" src=\"https:\/\/scanio.fi\/wp-content\/uploads\/2020\/10\/IMG_7688-scaled.jpeg\" class=\"attachment-full size-full\" alt=\"\" srcset=\"https:\/\/scanio.fi\/wp-content\/uploads\/2020\/10\/IMG_7688-scaled.jpeg 1920w, https:\/\/scanio.fi\/wp-content\/uploads\/2020\/10\/IMG_7688-225x300.jpeg 225w, https:\/\/scanio.fi\/wp-content\/uploads\/2020\/10\/IMG_7688-768x1024.jpeg 768w, https:\/\/scanio.fi\/wp-content\/uploads\/2020\/10\/IMG_7688-1152x1536.jpeg 1152w, https:\/\/scanio.fi\/wp-content\/uploads\/2020\/10\/IMG_7688-1536x2048.jpeg 1536w\" sizes=\"(max-width: 1920px) 100vw, 1920px\" \/><\/a>\n\t\t\t<\/div><\/figure><figure class='gallery-item'>\n\t\t\t<div class='gallery-icon landscape'>\n\t\t\t\t<a data-elementor-open-lightbox=\"yes\" data-elementor-lightbox-slideshow=\"507402b0\" data-elementor-lightbox-title=\"IMG_8915\" data-e-action-hash=\"#elementor-action%3Aaction%3Dlightbox%26settings%3DeyJpZCI6Mzc4LCJ1cmwiOiJodHRwczpcL1wvc2NhbmlvLmZpXC93cC1jb250ZW50XC91cGxvYWRzXC8yMDIwXC8xMVwvSU1HXzg5MTUtc2NhbGVkLmpwZWciLCJzbGlkZXNob3ciOiI1MDc0MDJiMCJ9\" href='https:\/\/scanio.fi\/wp-content\/uploads\/2020\/11\/IMG_8915-scaled.jpeg'><img loading=\"lazy\" decoding=\"async\" width=\"2560\" height=\"1920\" src=\"https:\/\/scanio.fi\/wp-content\/uploads\/2020\/11\/IMG_8915-scaled.jpeg\" class=\"attachment-full size-full\" alt=\"\" srcset=\"https:\/\/scanio.fi\/wp-content\/uploads\/2020\/11\/IMG_8915-scaled.jpeg 2560w, https:\/\/scanio.fi\/wp-content\/uploads\/2020\/11\/IMG_8915-300x225.jpeg 300w, https:\/\/scanio.fi\/wp-content\/uploads\/2020\/11\/IMG_8915-1024x768.jpeg 1024w, https:\/\/scanio.fi\/wp-content\/uploads\/2020\/11\/IMG_8915-768x576.jpeg 768w, https:\/\/scanio.fi\/wp-content\/uploads\/2020\/11\/IMG_8915-1536x1152.jpeg 1536w, https:\/\/scanio.fi\/wp-content\/uploads\/2020\/11\/IMG_8915-2048x1536.jpeg 2048w, https:\/\/scanio.fi\/wp-content\/uploads\/2020\/11\/IMG_8915-16x12.jpeg 16w\" sizes=\"(max-width: 2560px) 100vw, 2560px\" \/><\/a>\n\t\t\t<\/div><\/figure><figure class='gallery-item'>\n\t\t\t<div class='gallery-icon landscape'>\n\t\t\t\t<a data-elementor-open-lightbox=\"yes\" data-elementor-lightbox-slideshow=\"507402b0\" data-elementor-lightbox-title=\"IMG_8789\" data-e-action-hash=\"#elementor-action%3Aaction%3Dlightbox%26settings%3DeyJpZCI6Mzc2LCJ1cmwiOiJodHRwczpcL1wvc2NhbmlvLmZpXC93cC1jb250ZW50XC91cGxvYWRzXC8yMDIwXC8xMVwvSU1HXzg3ODktc2NhbGVkLmpwZWciLCJzbGlkZXNob3ciOiI1MDc0MDJiMCJ9\" href='https:\/\/scanio.fi\/wp-content\/uploads\/2020\/11\/IMG_8789-scaled.jpeg'><img loading=\"lazy\" decoding=\"async\" width=\"2560\" height=\"1920\" src=\"https:\/\/scanio.fi\/wp-content\/uploads\/2020\/11\/IMG_8789-scaled.jpeg\" class=\"attachment-full size-full\" alt=\"\" srcset=\"https:\/\/scanio.fi\/wp-content\/uploads\/2020\/11\/IMG_8789-scaled.jpeg 2560w, https:\/\/scanio.fi\/wp-content\/uploads\/2020\/11\/IMG_8789-300x225.jpeg 300w, https:\/\/scanio.fi\/wp-content\/uploads\/2020\/11\/IMG_8789-1024x768.jpeg 1024w, https:\/\/scanio.fi\/wp-content\/uploads\/2020\/11\/IMG_8789-768x576.jpeg 768w, https:\/\/scanio.fi\/wp-content\/uploads\/2020\/11\/IMG_8789-1536x1152.jpeg 1536w, https:\/\/scanio.fi\/wp-content\/uploads\/2020\/11\/IMG_8789-2048x1536.jpeg 2048w, https:\/\/scanio.fi\/wp-content\/uploads\/2020\/11\/IMG_8789-16x12.jpeg 16w\" sizes=\"(max-width: 2560px) 100vw, 2560px\" \/><\/a>\n\t\t\t<\/div><\/figure><figure class='gallery-item'>\n\t\t\t<div class='gallery-icon landscape'>\n\t\t\t\t<a data-elementor-open-lightbox=\"yes\" data-elementor-lightbox-slideshow=\"507402b0\" data-elementor-lightbox-title=\"IMG_8880\" data-e-action-hash=\"#elementor-action%3Aaction%3Dlightbox%26settings%3DeyJpZCI6Mzc3LCJ1cmwiOiJodHRwczpcL1wvc2NhbmlvLmZpXC93cC1jb250ZW50XC91cGxvYWRzXC8yMDIwXC8xMVwvSU1HXzg4ODAtc2NhbGVkLmpwZWciLCJzbGlkZXNob3ciOiI1MDc0MDJiMCJ9\" href='https:\/\/scanio.fi\/wp-content\/uploads\/2020\/11\/IMG_8880-scaled.jpeg'><img loading=\"lazy\" decoding=\"async\" width=\"2560\" height=\"1920\" src=\"https:\/\/scanio.fi\/wp-content\/uploads\/2020\/11\/IMG_8880-scaled.jpeg\" class=\"attachment-full size-full\" alt=\"\" srcset=\"https:\/\/scanio.fi\/wp-content\/uploads\/2020\/11\/IMG_8880-scaled.jpeg 2560w, https:\/\/scanio.fi\/wp-content\/uploads\/2020\/11\/IMG_8880-300x225.jpeg 300w, https:\/\/scanio.fi\/wp-content\/uploads\/2020\/11\/IMG_8880-1024x768.jpeg 1024w, https:\/\/scanio.fi\/wp-content\/uploads\/2020\/11\/IMG_8880-768x576.jpeg 768w, https:\/\/scanio.fi\/wp-content\/uploads\/2020\/11\/IMG_8880-1536x1152.jpeg 1536w, https:\/\/scanio.fi\/wp-content\/uploads\/2020\/11\/IMG_8880-2048x1536.jpeg 2048w, https:\/\/scanio.fi\/wp-content\/uploads\/2020\/11\/IMG_8880-16x12.jpeg 16w\" sizes=\"(max-width: 2560px) 100vw, 2560px\" \/><\/a>\n\t\t\t<\/div><\/figure>\n\t\t<\/div>\n\t\t<\/div>\n\t\t\t\t\t\t<\/div>\n\t\t\t\t<\/div>\n\t\t\t\t\t<\/div>\n\t\t<\/div>\n\t\t\t\t\t<\/div>\n\t\t<\/section>\n\t\t\t\t<\/div>","protected":false},"excerpt":{"rendered":"<p>Ruoka Aamiaiset, aamiaissetit, lounaat ja illalliset suoraan m\u00f6kille katettuna. Keitti\u00f6mestarin suosittelemista kokonaisuuksista on helppo valita omalle porukalle sopiva menu. Tarvittaessa k\u00e4ymme puolestasi kaupassa ja toimitamme m\u00f6kille ruoat ja juomat.<\/p>","protected":false},"author":1,"featured_media":0,"parent":0,"menu_order":0,"comment_status":"closed","ping_status":"closed","template":"elementor_header_footer","meta":{"footnotes":""},"class_list":["post-45","page","type-page","status-publish","hentry","entry"],"_links":{"self":[{"href":"https:\/\/scanio.fi\/en\/wp-json\/wp\/v2\/pages\/45","targetHints":{"allow":["GET"]}}],"collection":[{"href":"https:\/\/scanio.fi\/en\/wp-json\/wp\/v2\/pages"}],"about":[{"href":"https:\/\/scanio.fi\/en\/wp-json\/wp\/v2\/types\/page"}],"author":[{"embeddable":true,"href":"https:\/\/scanio.fi\/en\/wp-json\/wp\/v2\/users\/1"}],"replies":[{"embeddable":true,"href":"https:\/\/scanio.fi\/en\/wp-json\/wp\/v2\/comments?post=45"}],"version-history":[{"count":12,"href":"https:\/\/scanio.fi\/en\/wp-json\/wp\/v2\/pages\/45\/revisions"}],"predecessor-version":[{"id":606,"href":"https:\/\/scanio.fi\/en\/wp-json\/wp\/v2\/pages\/45\/revisions\/606"}],"wp:attachment":[{"href":"https:\/\/scanio.fi\/en\/wp-json\/wp\/v2\/media?parent=45"}],"curies":[{"name":"wp","href":"https:\/\/api.w.org\/{rel}","templated":true}]}}