{"id":35,"date":"2020-10-11T18:40:59","date_gmt":"2020-10-11T15:40:59","guid":{"rendered":"http:\/\/scanio.fi\/?page_id=35"},"modified":"2025-01-28T20:10:56","modified_gmt":"2025-01-28T18:10:56","slug":"rekisteriseloste","status":"publish","type":"page","link":"https:\/\/scanio.fi\/en\/rekisteriseloste\/","title":{"rendered":"Privacy statement"},"content":{"rendered":"<h1 class=\"wp-block-heading\">Privacy statement<\/h1>\n\n\n\n<h3 class=\"wp-block-heading\"><strong>Rekisterinpit\u00e4j\u00e4<\/strong><\/h3>\n\n\n\n<p>Scanio Oy<\/p>\n\n\n\n<p>Y-tunnus: 2568673-1<\/p>\n\n\n\n<p>Sarvikuja 5, 99830 Saariselk\u00e4<\/p>\n\n\n\n<h3 class=\"wp-block-heading\"><strong>Rekisterinhoitajan yhteystiedot<\/strong><\/h3>\n\n\n\n<p><a href=\"mailto:info@scanio.fi\">info@scanio.fi<\/a><\/p>\n\n\n\n<p>puh. 0400 320424<\/p>\n\n\n\n<h3 class=\"wp-block-heading\"><strong>Asiakkaan oikeudet<\/strong><\/h3>\n\n\n\n<p>Asiakkaalla on oikeus tarkastaa h\u00e4nt\u00e4 koskevat asiakasrekisteriss\u00e4 olevat tiedot.<\/p>\n\n\n\n<p>Kun asiakas haluaa k\u00e4ytt\u00e4\u00e4 tarkastusoikeuttaan, h\u00e4nen tulee l\u00e4hett\u00e4\u00e4 omak\u00e4tisesti allekirjoitettu tarkastuspyynt\u00f6 Scanio Oy:lle yll\u00e4 mainittuun osoitteeseen. Asiakas voi my\u00f6s k\u00e4yd\u00e4 Scanio Oy:n toimistossa henkil\u00f6llisyyden todistava asiakirja mukanaan. Tarkastuspyynn\u00f6ss\u00e4 asiakkaan tulee ilmoittaa nimens\u00e4, osoitteensa ja puhelinnumeronsa. Scanio Oy toimittaa kirjallisen vastauksensa asiakkaalle 30 p\u00e4iv\u00e4n kuluessa siit\u00e4, kun asiakas on k\u00e4ynyt henkil\u00f6kohtaisesti tai kun asiakkaan kirjallinen tarkastuspyynt\u00f6 on saapunut meille.<\/p>\n\n\n\n<p>Jos asiakkaan tiedoissa on virheit\u00e4, asiakas voi esitt\u00e4\u00e4 virheen korjaamista koskevan pyynn\u00f6n.<\/p>\n\n\n\n<p>Kielto-oikeus: Asiakkaalla on oikeus kielt\u00e4\u00e4 rekisterinpit\u00e4j\u00e4\u00e4 k\u00e4sittelem\u00e4st\u00e4 h\u00e4nt\u00e4 koskevia tietoja suoramainontaa, et\u00e4myynti\u00e4 ja muuta suoramarkkinointia varten.<\/p>\n\n\n\n<h3 class=\"wp-block-heading\"><strong>Henkil\u00f6tietojen k\u00e4sittelyn tarkoitus<\/strong><\/h3>\n\n\n\n<p>Rekisterinpit\u00e4j\u00e4 k\u00e4sittelee asiakkaiden henkil\u00f6tietoja seuraavia tarkoituksia varten:<\/p>\n\n\n\n<ul class=\"wp-block-list\">\n<li>laskutus, maksaminen, maksujen valvonta ja perint\u00e4<\/li>\n\n\n\n<li>varausten hoitaminen<\/li>\n\n\n\n<li>asiakaspalvelu ja asiakassuhteen hoitaminen<\/li>\n\n\n\n<li>ruokailuun liittyvien p\u00f6yt\u00e4varausten tekeminen ja pito-palvelun tilaaminen<\/li>\n\n\n\n<li>palveluiden toimittaminen<\/li>\n<\/ul>\n\n\n\n<h3 class=\"wp-block-heading\"><strong>Rekisterin tietosis\u00e4lt\u00f6<\/strong><\/h3>\n\n\n\n<ul class=\"wp-block-list\">\n<li>asiakastiedot: nimi, yhteystiedot ja laskutustiedot<\/li>\n\n\n\n<li>asiakkaan maksutiedot, esim. luottokorttitiedot<\/li>\n\n\n\n<li>palveluiden k\u00e4ytt\u00f6\u00f6n liittyv\u00e4t tiedot<\/li>\n<\/ul>\n\n\n\n<h3 class=\"wp-block-heading\"><strong>Rekisterin tietol\u00e4hteet ovat, asiakkaan tehdess\u00e4 lomam\u00f6kki- tai palveluvarauksia:<\/strong><\/h3>\n\n\n\n<ul class=\"wp-block-list\">\n<li>varausj\u00e4rjestelm\u00e4 TravelNet, palveluntarjoaaja Sportum Oy<\/li>\n\n\n\n<li>varaussivusto Booking.com<\/li>\n\n\n\n<li>asiakkaan kanssa k\u00e4ydyt puhelin- ja s\u00e4hk\u00f6postikeskustelut, my\u00f6s Facebookissa<\/li>\n<\/ul>\n\n\n\n<h3 class=\"wp-block-heading\"><strong>Rekisterin suojauksen periaatteet:<\/strong><\/h3>\n\n\n\n<p>Rekisteri on tallennettu EU:n alueella sijaitseville ja palomuureilla suojatuille palvelimille. P\u00e4\u00e4sy tietoihin on suojattu salasanalla ja niihin p\u00e4\u00e4see vain rekisterist\u00e4 vastaavat nimetyt henkil\u00f6t. Tietoja ei siirret\u00e4 EU:n ulkopuolelle.<\/p>","protected":false},"excerpt":{"rendered":"<p>Rekisteriseloste Rekisterinpit\u00e4j\u00e4 Scanio Oy Y-tunnus: 2568673-1 Sarvikuja 5, 99830 Saariselk\u00e4 Rekisterinhoitajan yhteystiedot info@scanio.fi puh. 0400 320424 Asiakkaan oikeudet Asiakkaalla on oikeus tarkastaa h\u00e4nt\u00e4 koskevat asiakasrekisteriss\u00e4 olevat tiedot. Kun asiakas haluaa k\u00e4ytt\u00e4\u00e4 tarkastusoikeuttaan, h\u00e4nen tulee l\u00e4hett\u00e4\u00e4 omak\u00e4tisesti allekirjoitettu tarkastuspyynt\u00f6 Scanio Oy:lle yll\u00e4 mainittuun osoitteeseen. Asiakas voi my\u00f6s k\u00e4yd\u00e4 Scanio Oy:n toimistossa henkil\u00f6llisyyden todistava asiakirja mukanaan. Tarkastuspyynn\u00f6ss\u00e4 [&hellip;]<\/p>","protected":false},"author":1,"featured_media":0,"parent":0,"menu_order":0,"comment_status":"closed","ping_status":"closed","template":"","meta":{"footnotes":""},"class_list":["post-35","page","type-page","status-publish","hentry","entry"],"_links":{"self":[{"href":"https:\/\/scanio.fi\/en\/wp-json\/wp\/v2\/pages\/35","targetHints":{"allow":["GET"]}}],"collection":[{"href":"https:\/\/scanio.fi\/en\/wp-json\/wp\/v2\/pages"}],"about":[{"href":"https:\/\/scanio.fi\/en\/wp-json\/wp\/v2\/types\/page"}],"author":[{"embeddable":true,"href":"https:\/\/scanio.fi\/en\/wp-json\/wp\/v2\/users\/1"}],"replies":[{"embeddable":true,"href":"https:\/\/scanio.fi\/en\/wp-json\/wp\/v2\/comments?post=35"}],"version-history":[{"count":2,"href":"https:\/\/scanio.fi\/en\/wp-json\/wp\/v2\/pages\/35\/revisions"}],"predecessor-version":[{"id":1124,"href":"https:\/\/scanio.fi\/en\/wp-json\/wp\/v2\/pages\/35\/revisions\/1124"}],"wp:attachment":[{"href":"https:\/\/scanio.fi\/en\/wp-json\/wp\/v2\/media?parent=35"}],"curies":[{"name":"wp","href":"https:\/\/api.w.org\/{rel}","templated":true}]}}